{"id":78,"date":"2021-10-02T15:50:53","date_gmt":"2021-10-02T15:50:53","guid":{"rendered":"http:\/\/pn1013.pakiv.ro\/?page_id=78"},"modified":"2021-10-03T10:53:24","modified_gmt":"2021-10-03T10:53:24","slug":"combaterea-oricarei-forme-de-discriminare-a-romilor","status":"publish","type":"page","link":"https:\/\/pn1013.pakiv.ro\/?page_id=78","title":{"rendered":"Combaterea discrimin\u0103rii romilor"},"content":{"rendered":"\t\t<div data-elementor-type=\"wp-page\" data-elementor-id=\"78\" class=\"elementor elementor-78\">\n\t\t\t\t\t\t\t\t\t<section class=\"elementor-section elementor-top-section elementor-element elementor-element-337b485 elementor-section-boxed elementor-section-height-default elementor-section-height-default\" data-id=\"337b485\" data-element_type=\"section\">\n\t\t\t\t\t\t<div class=\"elementor-container elementor-column-gap-default\">\n\t\t\t\t\t<div class=\"elementor-column elementor-col-100 elementor-top-column elementor-element elementor-element-cb9bbb2\" data-id=\"cb9bbb2\" data-element_type=\"column\">\n\t\t\t<div class=\"elementor-widget-wrap elementor-element-populated\">\n\t\t\t\t\t\t\t\t<div class=\"elementor-element elementor-element-21caa8c elementor-widget elementor-widget-heading\" data-id=\"21caa8c\" data-element_type=\"widget\" data-widget_type=\"heading.default\">\n\t\t\t\t<div class=\"elementor-widget-container\">\n\t\t\t<style>\/*! elementor - v3.7.8 - 02-10-2022 *\/\n.elementor-heading-title{padding:0;margin:0;line-height:1}.elementor-widget-heading .elementor-heading-title[class*=elementor-size-]>a{color:inherit;font-size:inherit;line-height:inherit}.elementor-widget-heading .elementor-heading-title.elementor-size-small{font-size:15px}.elementor-widget-heading .elementor-heading-title.elementor-size-medium{font-size:19px}.elementor-widget-heading .elementor-heading-title.elementor-size-large{font-size:29px}.elementor-widget-heading .elementor-heading-title.elementor-size-xl{font-size:39px}.elementor-widget-heading .elementor-heading-title.elementor-size-xxl{font-size:59px}<\/style><h2 class=\"elementor-heading-title elementor-size-default\">A 5.1 Campanii de cre\u0219tere a con\u0219tientiz\u0103rii<\/h2>\t\t<\/div>\n\t\t\t\t<\/div>\n\t\t\t\t<div class=\"elementor-element elementor-element-698f012 elementor-widget elementor-widget-text-editor\" data-id=\"698f012\" data-element_type=\"widget\" data-widget_type=\"text-editor.default\">\n\t\t\t\t<div class=\"elementor-widget-container\">\n\t\t\t<style>\/*! elementor - v3.7.8 - 02-10-2022 *\/\n.elementor-widget-text-editor.elementor-drop-cap-view-stacked .elementor-drop-cap{background-color:#818a91;color:#fff}.elementor-widget-text-editor.elementor-drop-cap-view-framed .elementor-drop-cap{color:#818a91;border:3px solid;background-color:transparent}.elementor-widget-text-editor:not(.elementor-drop-cap-view-default) .elementor-drop-cap{margin-top:8px}.elementor-widget-text-editor:not(.elementor-drop-cap-view-default) .elementor-drop-cap-letter{width:1em;height:1em}.elementor-widget-text-editor .elementor-drop-cap{float:left;text-align:center;line-height:1;font-size:50px}.elementor-widget-text-editor .elementor-drop-cap-letter{display:inline-block}<\/style>\t\t\t\t<p>Pe \u00eentreaga perioad\u0103 de implementare a proiectului se\u00a0<span style=\"color: var( --e-global-color-text ); font-family: var( --e-global-typography-text-font-family ), Sans-serif; font-weight: var( --e-global-typography-text-font-weight ); font-size: 1rem;\">desf\u0103\u0219oar\u0103\u00a0<\/span><span style=\"font-style: inherit; font-weight: inherit; color: var( --e-global-color-text ); font-family: var( --e-global-typography-text-font-family ), Sans-serif;\">campanii de cre\u0219tere a con\u0219tientiz\u0103rii privind combaterea discrimin\u0103rii, care vizeaz\u0103 urm\u0103toarele teme:<\/span><\/p><ul><li><span style=\"font-style: inherit; font-weight: inherit; color: var( --e-global-color-text ); font-family: var( --e-global-typography-text-font-family ), Sans-serif;\">promovarea drepturilor romilor,<\/span><\/li><li><span style=\"font-style: inherit; font-weight: inherit; color: var( --e-global-color-text ); font-family: var( --e-global-typography-text-font-family ), Sans-serif;\"> reducerea prejudec\u0103\u021bilor \u0219i stereotipurilor legate de etnia rom\u0103,<\/span><\/li><li><span style=\"font-style: inherit; font-weight: inherit; color: var( --e-global-color-text ); font-family: var( --e-global-typography-text-font-family ), Sans-serif;\">lupta \u00eempotriva antigipsismului \u0219i a h\u0103r\u021buirii,<\/span><\/li><li><span style=\"font-style: inherit; font-weight: inherit; color: var( --e-global-color-text ); font-family: var( --e-global-typography-text-font-family ), Sans-serif;\">combaterea urii \u0219i a excluziunii pe criterii de v\u00e2rst\u0103, religie, ras\u0103, etnie etc. <\/span><\/li><\/ul><p><span style=\"font-style: inherit; font-weight: inherit; color: var( --e-global-color-text ); font-family: var( --e-global-typography-text-font-family ), Sans-serif;\">Campaniile se desf\u0103\u0219oar\u0103 \u00een aria geografic\u0103 de implementare a proiectului \u0219i au ca grup \u021bint\u0103 510 persoane din cadrul popula\u021biei majoritare din comunitate, at\u00e2t din comunitatea intern\u0103, non-rom\u0103 a penitenciarului (de\u021binu\u021bi \u0219i angaja\u021bi), c\u00e2t \u0219i \u00een comunitatea extern\u0103, a locuitorilor din municipiul Aiud.<\/span><\/p><p>Asfel vor fi organizate urm\u0103toarele campanii:<\/p>\t\t\t\t\t\t<\/div>\n\t\t\t\t<\/div>\n\t\t\t\t\t<\/div>\n\t\t<\/div>\n\t\t\t\t\t\t\t<\/div>\n\t\t<\/section>\n\t\t\t\t<section class=\"elementor-section elementor-top-section elementor-element elementor-element-e9af3a2 elementor-section-boxed elementor-section-height-default elementor-section-height-default\" data-id=\"e9af3a2\" data-element_type=\"section\">\n\t\t\t\t\t\t<div class=\"elementor-container elementor-column-gap-default\">\n\t\t\t\t\t<div class=\"elementor-column elementor-col-100 elementor-top-column elementor-element elementor-element-be10e51\" data-id=\"be10e51\" data-element_type=\"column\">\n\t\t\t<div class=\"elementor-widget-wrap elementor-element-populated\">\n\t\t\t\t\t\t\t\t<div class=\"elementor-element elementor-element-6936b27 elementor--h-position-center elementor--v-position-middle elementor-arrows-position-inside elementor-pagination-position-inside elementor-widget elementor-widget-slides\" data-id=\"6936b27\" data-element_type=\"widget\" data-settings=\"{&quot;navigation&quot;:&quot;both&quot;,&quot;autoplay&quot;:&quot;yes&quot;,&quot;pause_on_hover&quot;:&quot;yes&quot;,&quot;pause_on_interaction&quot;:&quot;yes&quot;,&quot;autoplay_speed&quot;:5000,&quot;infinite&quot;:&quot;yes&quot;,&quot;transition&quot;:&quot;slide&quot;,&quot;transition_speed&quot;:500}\" data-widget_type=\"slides.default\">\n\t\t\t\t<div class=\"elementor-widget-container\">\n\t\t\t<style>\/*! elementor-pro - v3.5.2 - 28-11-2021 *\/\n.elementor-slides .swiper-slide-bg{-webkit-background-size:cover;background-size:cover;background-position:50%;background-repeat:no-repeat;min-width:100%;min-height:100%}.elementor-slides .swiper-slide-inner{background-repeat:no-repeat;background-position:50%;position:absolute;top:0;left:0;bottom:0;right:0;padding:50px;margin:auto}.elementor-slides .swiper-slide-inner,.elementor-slides .swiper-slide-inner:hover{color:#fff;display:-webkit-box;display:-ms-flexbox;display:flex}.elementor-slides .swiper-slide-inner .elementor-background-overlay{position:absolute;z-index:0;top:0;bottom:0;left:0;right:0}.elementor-slides .swiper-slide-inner .elementor-slide-content{position:relative;z-index:1;width:100%}.elementor-slides .swiper-slide-inner .elementor-slide-heading{font-size:35px;font-weight:700;line-height:1}.elementor-slides .swiper-slide-inner .elementor-slide-description{font-size:17px;line-height:1.4}.elementor-slides .swiper-slide-inner .elementor-slide-description:not(:last-child),.elementor-slides .swiper-slide-inner .elementor-slide-heading:not(:last-child){margin-bottom:30px}.elementor-slides .swiper-slide-inner .elementor-slide-button{border:2px solid #fff;color:#fff;background:transparent;display:inline-block}.elementor-slides .swiper-slide-inner .elementor-slide-button,.elementor-slides .swiper-slide-inner .elementor-slide-button:hover{background:transparent;color:inherit;text-decoration:none}.elementor--v-position-top .swiper-slide-inner{-webkit-box-align:start;-ms-flex-align:start;align-items:flex-start}.elementor--v-position-bottom .swiper-slide-inner{-webkit-box-align:end;-ms-flex-align:end;align-items:flex-end}.elementor--v-position-middle .swiper-slide-inner{-webkit-box-align:center;-ms-flex-align:center;align-items:center}.elementor--h-position-left .swiper-slide-inner{-webkit-box-pack:start;-ms-flex-pack:start;justify-content:flex-start}.elementor--h-position-right .swiper-slide-inner{-webkit-box-pack:end;-ms-flex-pack:end;justify-content:flex-end}.elementor--h-position-center .swiper-slide-inner{-webkit-box-pack:center;-ms-flex-pack:center;justify-content:center}body.rtl .elementor-widget-slides .elementor-swiper-button-next{left:10px;right:auto}body.rtl .elementor-widget-slides .elementor-swiper-button-prev{right:10px;left:auto}.elementor-slides-wrapper div:not(.swiper-slide)>.swiper-slide-inner{display:none}@media (max-width:767px){.elementor-slides .swiper-slide-inner{padding:30px}.elementor-slides .swiper-slide-inner .elementor-slide-heading{font-size:23px;line-height:1;margin-bottom:15px}.elementor-slides .swiper-slide-inner .elementor-slide-description{font-size:13px;line-height:1.4;margin-bottom:15px}}<\/style>\t\t<div class=\"elementor-swiper\">\n\t\t\t<div class=\"elementor-slides-wrapper elementor-main-swiper swiper-container\" dir=\"ltr\" data-animation=\"\">\n\t\t\t\t<div class=\"swiper-wrapper elementor-slides\">\n\t\t\t\t\t\t\t\t\t\t<div class=\"elementor-repeater-item-26ddb9e swiper-slide\"><div class=\"swiper-slide-bg\"><\/div><div class=\"swiper-slide-inner\" ><div class=\"swiper-slide-contents\"><div class=\"elementor-slide-heading\">\u201d\u0218i romii au drepturi\u201d<\/div><div class=\"elementor-slide-description\">o campanie de promovare a drepturilor romilor care va con\u021bine:<li>un seminar la care vor participa institu\u021biile publice locale, \u0219colile, liceele, angajatorii, asocia\u021biile \u0219i funda\u021biile, persoanele fizice \u0219i al\u021bi actori interesa\u021bi din Municipiul Aiud \u0219i angaja\u021bii penitenciarului;<\/li><li> ac\u021biuni de realizare de materiale de informare, promovare \u0219i diseminarea acestora \u00een cadrul seminarului \u0219i \u00een Municipiul Aiud, la institu\u021bii ale autorit\u0103\u021bilor publice locale, \u00een \u0219coli, licee, etc.<\/li><li>campanie online realizat\u0103 prin intermediul site-ului web \u0219i al unei pagini de socializare destinat\u0103 grupului \u021bint\u0103<\/li><\/div><\/div><\/div><\/div><div class=\"elementor-repeater-item-603c405 swiper-slide\"><div class=\"swiper-slide-bg\"><\/div><div class=\"swiper-slide-inner\" ><div class=\"swiper-slide-contents\"><div class=\"elementor-slide-heading\">\u201dO p\u0103rere f\u0103r\u0103 judecat\u0103\u201d<\/div><div class=\"elementor-slide-description\">o campanie de con\u0219tientizare cu scopul de a reduce prejudec\u0103\u021bile \u0219i stereotipurile legate de etnia rom\u0103 care va con\u021bine:<li>un workshop cu popula\u021bia non-roma intern\u0103 (angaja\u021bi) \u0219i extern\u0103 a penitenciarului;<\/li><li>ac\u021biuni de realizare de materiale de informare \u0219i con\u0219tientizare \u0219i diseminarea acestora \u00een grupul \u021bint\u0103<\/li><\/div><div  class=\"elementor-button elementor-slide-button elementor-size-sm\">Click Here<\/div><\/div><\/div><\/div><div class=\"elementor-repeater-item-21fbcec swiper-slide\"><div class=\"swiper-slide-bg\"><\/div><div class=\"swiper-slide-inner\" ><div class=\"swiper-slide-contents\"><div class=\"elementor-slide-heading\">\u201dGypsy Soul\u201d<\/div><div class=\"elementor-slide-description\">o campanie de lupt\u0103 \u00eemportiva antigipsismului \u0219i a h\u0103r\u021buririi care va con\u021bine:<li>ac\u021biuni de realizare de materiale de informare \u0219i con\u0219tientizare \u0219i diseminarea acestora \u00een grupul \u021bint\u0103<\/li><li>un program cultural-artistic de promovarea a culturii rome \u0219i combatere a discrimin\u0103rii, desf\u0103\u0219urat \u00een mediul intracarceral pentru persoanele non-roma din mediul intracarceral<\/li><\/div><div  class=\"elementor-button elementor-slide-button elementor-size-sm\">Click Here<\/div><\/div><\/div><\/div><div class=\"elementor-repeater-item-6330bf0 swiper-slide\"><div class=\"swiper-slide-bg\"><\/div><div class=\"swiper-slide-inner\" ><div class=\"swiper-slide-contents\"><div class=\"elementor-slide-heading\">\u201d#Combatura\u201d<\/div><div class=\"elementor-slide-description\">o campanie pentru combaterea urii \u0219i a excluziunii pe criterii etnice desf\u0103\u0219urat\u0103 \u00een institu\u021biile de \u00eenv\u0103\u021b\u0103m\u00e2nt din Aiud care con\u021bine:<li>realizarea \u0219i diseminarea a 300 bro\u0219uri<\/li><li>un workshop<\/li><li>o campanie online de combatere a urii, destinat\u0103 grupului \u021bint\u0103<\/div><div  class=\"elementor-button elementor-slide-button elementor-size-sm\">Click Here<\/div><\/div><\/div><\/div>\t\t\t\t<\/div>\n\t\t\t\t\t\t\t\t\t\t\t\t\t\t\t<div class=\"swiper-pagination\"><\/div>\n\t\t\t\t\t\t\t\t\t\t\t\t\t\t\t\t<div class=\"elementor-swiper-button elementor-swiper-button-prev\">\n\t\t\t\t\t\t\t<i aria-hidden=\"true\" class=\"eicon-chevron-left\"><\/i>\t\t\t\t\t\t\t<span class=\"elementor-screen-only\">Previous<\/span>\n\t\t\t\t\t\t<\/div>\n\t\t\t\t\t\t<div class=\"elementor-swiper-button elementor-swiper-button-next\">\n\t\t\t\t\t\t\t<i aria-hidden=\"true\" class=\"eicon-chevron-right\"><\/i>\t\t\t\t\t\t\t<span class=\"elementor-screen-only\">Next<\/span>\n\t\t\t\t\t\t<\/div>\n\t\t\t\t\t\t\t\t\t\t\t\t<\/div>\n\t\t<\/div>\n\t\t\t\t<\/div>\n\t\t\t\t<\/div>\n\t\t\t\t<div class=\"elementor-element elementor-element-7d6433b elementor-widget elementor-widget-heading\" data-id=\"7d6433b\" data-element_type=\"widget\" data-widget_type=\"heading.default\">\n\t\t\t\t<div class=\"elementor-widget-container\">\n\t\t\t<h2 class=\"elementor-heading-title elementor-size-default\">A 5.2 Dezvoltarea de instrumente anti-discriminare<\/h2>\t\t<\/div>\n\t\t\t\t<\/div>\n\t\t\t\t<div class=\"elementor-element elementor-element-7d377ac elementor-widget elementor-widget-text-editor\" data-id=\"7d377ac\" data-element_type=\"widget\" data-widget_type=\"text-editor.default\">\n\t\t\t\t<div class=\"elementor-widget-container\">\n\t\t\t\t\t\t\t<p>Se va concepe un ghid pentru combaterea discrimin\u0103rii \u00een penitenciare. Scopul acestui instrument este de a aborda \u00eentr-un mod practic fenomenul discrimin\u0103rii \u00een penitenciare \u0219i de a propune solu\u021bii viabile de combatere a acestuia. Materialul rezultat va fi diseminat \u00een toate cele 44 de penitenciare din Rom\u00e2nia \u0219i va cuprinde exemple de bune practici din organiza\u021bii similare din SEE.<\/p><p>Pentru m\u0103surarea impactului campaniilor de cre\u0219tere a con\u0219tientiz\u0103rii vor fi organizate dou\u0103 sondaje \u00een r\u00e2ndul popula\u021biei majoritare interne \u0219i externe, realizate \u00een dou\u0103 etape: la \u00eenceputul \u0219i la sf\u00e2r\u0219itul perioadei de implementare a proiectului. Chestionarele vor fi aplicate membrilor popula\u021biei majoritare din ariile de implementare a campaniei.<\/p>\t\t\t\t\t\t<\/div>\n\t\t\t\t<\/div>\n\t\t\t\t\t<\/div>\n\t\t<\/div>\n\t\t\t\t\t\t\t<\/div>\n\t\t<\/section>\n\t\t\t\t\t\t\t<\/div>\n\t\t","protected":false},"excerpt":{"rendered":"<p>A 5.1 Campanii de cre\u0219tere a con\u0219tientiz\u0103rii Pe \u00eentreaga perioad\u0103 de implementare a proiectului se\u00a0desf\u0103\u0219oar\u0103\u00a0campanii de cre\u0219tere a con\u0219tientiz\u0103rii privind combaterea discrimin\u0103rii, care vizeaz\u0103 urm\u0103toarele teme: promovarea drepturilor romilor, reducerea prejudec\u0103\u021bilor \u0219i stereotipurilor legate de etnia rom\u0103, lupta \u00eempotriva antigipsismului \u0219i a h\u0103r\u021buirii, combaterea urii \u0219i a excluziunii pe criterii de v\u00e2rst\u0103, religie, ras\u0103, etnie &hellip;<\/p>\n<p class=\"read-more\"> <a class=\"\" href=\"https:\/\/pn1013.pakiv.ro\/?page_id=78\"> <span class=\"screen-reader-text\">Combaterea discrimin\u0103rii romilor<\/span> Read More &raquo;<\/a><\/p>\n","protected":false},"author":1,"featured_media":0,"parent":0,"menu_order":0,"comment_status":"closed","ping_status":"closed","template":"","meta":{"site-sidebar-layout":"no-sidebar","site-content-layout":"page-builder","ast-global-header-display":"","ast-main-header-display":"","ast-hfb-above-header-display":"","ast-hfb-below-header-display":"","ast-hfb-mobile-header-display":"","site-post-title":"disabled","ast-breadcrumbs-content":"","ast-featured-img":"disabled","footer-sml-layout":"","theme-transparent-header-meta":"default","adv-header-id-meta":"","stick-header-meta":"","header-above-stick-meta":"","header-main-stick-meta":"","header-below-stick-meta":"","footnotes":""},"class_list":["post-78","page","type-page","status-publish","hentry"],"lang":"ro","translations":{"ro":78},"pll_sync_post":[],"_links":{"self":[{"href":"https:\/\/pn1013.pakiv.ro\/index.php?rest_route=\/wp\/v2\/pages\/78","targetHints":{"allow":["GET"]}}],"collection":[{"href":"https:\/\/pn1013.pakiv.ro\/index.php?rest_route=\/wp\/v2\/pages"}],"about":[{"href":"https:\/\/pn1013.pakiv.ro\/index.php?rest_route=\/wp\/v2\/types\/page"}],"author":[{"embeddable":true,"href":"https:\/\/pn1013.pakiv.ro\/index.php?rest_route=\/wp\/v2\/users\/1"}],"replies":[{"embeddable":true,"href":"https:\/\/pn1013.pakiv.ro\/index.php?rest_route=%2Fwp%2Fv2%2Fcomments&post=78"}],"version-history":[{"count":11,"href":"https:\/\/pn1013.pakiv.ro\/index.php?rest_route=\/wp\/v2\/pages\/78\/revisions"}],"predecessor-version":[{"id":145,"href":"https:\/\/pn1013.pakiv.ro\/index.php?rest_route=\/wp\/v2\/pages\/78\/revisions\/145"}],"wp:attachment":[{"href":"https:\/\/pn1013.pakiv.ro\/index.php?rest_route=%2Fwp%2Fv2%2Fmedia&parent=78"}],"curies":[{"name":"wp","href":"https:\/\/api.w.org\/{rel}","templated":true}]}}