{"id":73,"date":"2021-10-02T15:49:48","date_gmt":"2021-10-02T15:49:48","guid":{"rendered":"http:\/\/pn1013.pakiv.ro\/?page_id=73"},"modified":"2021-10-03T09:47:37","modified_gmt":"2021-10-03T09:47:37","slug":"formarea-personalului-si-a-voluntarilor","status":"publish","type":"page","link":"https:\/\/pn1013.pakiv.ro\/?page_id=73","title":{"rendered":"Formarea personalului \u0219i a voluntarilor"},"content":{"rendered":"\t\t<div data-elementor-type=\"wp-page\" data-elementor-id=\"73\" class=\"elementor elementor-73\">\n\t\t\t\t\t\t\t\t\t<section class=\"elementor-section elementor-top-section elementor-element elementor-element-009bdf9 elementor-section-boxed elementor-section-height-default elementor-section-height-default\" data-id=\"009bdf9\" data-element_type=\"section\">\n\t\t\t\t\t\t<div class=\"elementor-container elementor-column-gap-default\">\n\t\t\t\t\t<div class=\"elementor-column elementor-col-100 elementor-top-column elementor-element elementor-element-9533582\" data-id=\"9533582\" data-element_type=\"column\">\n\t\t\t<div class=\"elementor-widget-wrap elementor-element-populated\">\n\t\t\t\t\t\t\t\t<div class=\"elementor-element elementor-element-31bd238 elementor-widget elementor-widget-heading\" data-id=\"31bd238\" data-element_type=\"widget\" data-widget_type=\"heading.default\">\n\t\t\t\t<div class=\"elementor-widget-container\">\n\t\t\t<style>\/*! elementor - v3.7.8 - 02-10-2022 *\/\n.elementor-heading-title{padding:0;margin:0;line-height:1}.elementor-widget-heading .elementor-heading-title[class*=elementor-size-]>a{color:inherit;font-size:inherit;line-height:inherit}.elementor-widget-heading .elementor-heading-title.elementor-size-small{font-size:15px}.elementor-widget-heading .elementor-heading-title.elementor-size-medium{font-size:19px}.elementor-widget-heading .elementor-heading-title.elementor-size-large{font-size:29px}.elementor-widget-heading .elementor-heading-title.elementor-size-xl{font-size:39px}.elementor-widget-heading .elementor-heading-title.elementor-size-xxl{font-size:59px}<\/style><h2 class=\"elementor-heading-title elementor-size-default\">A4.1 Formarea personalului \u0219i a voluntarilor \u00een lucru cu persoanele de etnie rom\u0103<\/h2>\t\t<\/div>\n\t\t\t\t<\/div>\n\t\t\t\t<div class=\"elementor-element elementor-element-9a9b5a1 elementor-widget elementor-widget-text-editor\" data-id=\"9a9b5a1\" data-element_type=\"widget\" data-widget_type=\"text-editor.default\">\n\t\t\t\t<div class=\"elementor-widget-container\">\n\t\t\t<style>\/*! elementor - v3.7.8 - 02-10-2022 *\/\n.elementor-widget-text-editor.elementor-drop-cap-view-stacked .elementor-drop-cap{background-color:#818a91;color:#fff}.elementor-widget-text-editor.elementor-drop-cap-view-framed .elementor-drop-cap{color:#818a91;border:3px solid;background-color:transparent}.elementor-widget-text-editor:not(.elementor-drop-cap-view-default) .elementor-drop-cap{margin-top:8px}.elementor-widget-text-editor:not(.elementor-drop-cap-view-default) .elementor-drop-cap-letter{width:1em;height:1em}.elementor-widget-text-editor .elementor-drop-cap{float:left;text-align:center;line-height:1;font-size:50px}.elementor-widget-text-editor .elementor-drop-cap-letter{display:inline-block}<\/style>\t\t\t\t<p>\u00cen cadrul acestei activit\u0103\u021bi se va organiza \u0219i desf\u0103\u0219ura un program de formare profesional\u0103 \u2013 \u201dCompeten\u021be sociale \u0219i civice\u201d &#8211; destinat personalului \u0219i voluntarilor din domeniile educa\u021biei, s\u0103n\u0103t\u0103\u021bii, ocup\u0103rii, serviciilor sociale, administra\u021biei publice, sectorului ONG care lucreaz\u0103 cu persoanele de etnie rom\u0103 din Penitenciarul Aiud. Programul de formare profesional\u0103 va fi organizat astfel: max. 28 de participan\u021bi, organiza\u021bi sub forma unei grupe de formare profesional\u0103 vor desf\u0103\u0219ura cursul cu durata de 90 de ore, 30 de ore teorie \u0219i 60 de ore practic\u0103, finalizat cu diplom\u0103 de absolvire, recunoscut\u0103 de Ministerul Educa\u021biei Na\u021bionale \u0219i Autoritatea Na\u021bional\u0103 a Calific\u0103rilor din Rom\u00e2nia.<\/p>\t\t\t\t\t\t<\/div>\n\t\t\t\t<\/div>\n\t\t\t\t<div class=\"elementor-element elementor-element-de120b8 elementor-widget elementor-widget-heading\" data-id=\"de120b8\" data-element_type=\"widget\" data-widget_type=\"heading.default\">\n\t\t\t\t<div class=\"elementor-widget-container\">\n\t\t\t<h2 class=\"elementor-heading-title elementor-size-default\">A4.2 Formarea personalului \u0219i a voluntarilor pe teme de anti-discriminare<\/h2>\t\t<\/div>\n\t\t\t\t<\/div>\n\t\t\t\t<div class=\"elementor-element elementor-element-c08f725 elementor-widget elementor-widget-text-editor\" data-id=\"c08f725\" data-element_type=\"widget\" data-widget_type=\"text-editor.default\">\n\t\t\t\t<div class=\"elementor-widget-container\">\n\t\t\t\t\t\t\t<p>Formarea personalului \u0219i a voluntarilor din domeniile educa\u021biei, s\u0103n\u0103t\u0103\u021bii, ocup\u0103rii, asisten\u021bei sociale, din administra\u021bia public\u0103 \u0219i sectorul ONG (28 de persoane) pe teme de anti-discriminare vizeaz\u0103, \u00een special, angaja\u021bi ai Penitenciarului Aiud ori ai ONG-ului promotor de proiect ori ai autorit\u0103\u021bii publice locale ori al\u021bi speciali\u0219ti care lucreaz\u0103 direct cu de\u021binu\u021bii. Se vor organiza 2 programe de formare profesional\u0103 care urmeaz\u0103 curricula \u0219i manualele Consiliului Europei &#8211; \u201dCombaterea gipsismului\u201d \u0219i \u201dEduca\u021bia informal\u0103 intercultural\u0103\u201d. Programele de formare vor avea o durat\u0103 de 24 de ore fiecare, 8 de ore teorie \u0219i 16 de ore de practic\u0103 \u0219i for fi finalizate cu diplom\u0103 de participare. Activit\u0103\u021bile practice vor fi desf\u0103\u0219urate sub forma unor sesiuni de dezvoltare de soft-skills \u0219i team-building, participantii lucrand in echipa pentru a rezolva anumite probleme, gasind solutii creative si ingenioase, dezvoltandu-si abilitatile de cooperare si colaborare, fiind organizate out-door, \u00een afara cadrului formal, de serviciu.<\/p>\t\t\t\t\t\t<\/div>\n\t\t\t\t<\/div>\n\t\t\t\t\t<\/div>\n\t\t<\/div>\n\t\t\t\t\t\t\t<\/div>\n\t\t<\/section>\n\t\t\t\t\t\t\t<\/div>\n\t\t","protected":false},"excerpt":{"rendered":"<p>A4.1 Formarea personalului \u0219i a voluntarilor \u00een lucru cu persoanele de etnie rom\u0103 \u00cen cadrul acestei activit\u0103\u021bi se va organiza \u0219i desf\u0103\u0219ura un program de formare profesional\u0103 \u2013 \u201dCompeten\u021be sociale \u0219i civice\u201d &#8211; destinat personalului \u0219i voluntarilor din domeniile educa\u021biei, s\u0103n\u0103t\u0103\u021bii, ocup\u0103rii, serviciilor sociale, administra\u021biei publice, sectorului ONG care lucreaz\u0103 cu persoanele de etnie rom\u0103 &hellip;<\/p>\n<p class=\"read-more\"> <a class=\"\" href=\"https:\/\/pn1013.pakiv.ro\/?page_id=73\"> <span class=\"screen-reader-text\">Formarea personalului \u0219i a voluntarilor<\/span> Read More &raquo;<\/a><\/p>\n","protected":false},"author":1,"featured_media":0,"parent":0,"menu_order":0,"comment_status":"closed","ping_status":"closed","template":"","meta":{"site-sidebar-layout":"no-sidebar","site-content-layout":"page-builder","ast-global-header-display":"","ast-main-header-display":"","ast-hfb-above-header-display":"","ast-hfb-below-header-display":"","ast-hfb-mobile-header-display":"","site-post-title":"disabled","ast-breadcrumbs-content":"","ast-featured-img":"disabled","footer-sml-layout":"","theme-transparent-header-meta":"default","adv-header-id-meta":"","stick-header-meta":"","header-above-stick-meta":"","header-main-stick-meta":"","header-below-stick-meta":"","footnotes":""},"class_list":["post-73","page","type-page","status-publish","hentry"],"lang":"ro","translations":{"ro":73},"pll_sync_post":[],"_links":{"self":[{"href":"https:\/\/pn1013.pakiv.ro\/index.php?rest_route=\/wp\/v2\/pages\/73","targetHints":{"allow":["GET"]}}],"collection":[{"href":"https:\/\/pn1013.pakiv.ro\/index.php?rest_route=\/wp\/v2\/pages"}],"about":[{"href":"https:\/\/pn1013.pakiv.ro\/index.php?rest_route=\/wp\/v2\/types\/page"}],"author":[{"embeddable":true,"href":"https:\/\/pn1013.pakiv.ro\/index.php?rest_route=\/wp\/v2\/users\/1"}],"replies":[{"embeddable":true,"href":"https:\/\/pn1013.pakiv.ro\/index.php?rest_route=%2Fwp%2Fv2%2Fcomments&post=73"}],"version-history":[{"count":7,"href":"https:\/\/pn1013.pakiv.ro\/index.php?rest_route=\/wp\/v2\/pages\/73\/revisions"}],"predecessor-version":[{"id":138,"href":"https:\/\/pn1013.pakiv.ro\/index.php?rest_route=\/wp\/v2\/pages\/73\/revisions\/138"}],"wp:attachment":[{"href":"https:\/\/pn1013.pakiv.ro\/index.php?rest_route=%2Fwp%2Fv2%2Fmedia&parent=73"}],"curies":[{"name":"wp","href":"https:\/\/api.w.org\/{rel}","templated":true}]}}