{"id":68,"date":"2021-10-02T15:47:24","date_gmt":"2021-10-02T15:47:24","guid":{"rendered":"http:\/\/pn1013.pakiv.ro\/?page_id=68"},"modified":"2021-10-03T09:44:06","modified_gmt":"2021-10-03T09:44:06","slug":"furnizarea-de-servicii-pentru-sanatate","status":"publish","type":"page","link":"https:\/\/pn1013.pakiv.ro\/?page_id=68","title":{"rendered":"Servicii pentru s\u0103n\u0103tate"},"content":{"rendered":"\t\t<div data-elementor-type=\"wp-page\" data-elementor-id=\"68\" class=\"elementor elementor-68\">\n\t\t\t\t\t\t\t\t\t<section class=\"elementor-section elementor-top-section elementor-element elementor-element-2858492 elementor-section-boxed elementor-section-height-default elementor-section-height-default\" data-id=\"2858492\" data-element_type=\"section\">\n\t\t\t\t\t\t<div class=\"elementor-container elementor-column-gap-default\">\n\t\t\t\t\t<div class=\"elementor-column elementor-col-100 elementor-top-column elementor-element elementor-element-77060f0\" data-id=\"77060f0\" data-element_type=\"column\">\n\t\t\t<div class=\"elementor-widget-wrap elementor-element-populated\">\n\t\t\t\t\t\t\t\t<div class=\"elementor-element elementor-element-647a159 elementor-widget elementor-widget-heading\" data-id=\"647a159\" data-element_type=\"widget\" data-widget_type=\"heading.default\">\n\t\t\t\t<div class=\"elementor-widget-container\">\n\t\t\t<style>\/*! elementor - v3.7.8 - 02-10-2022 *\/\n.elementor-heading-title{padding:0;margin:0;line-height:1}.elementor-widget-heading .elementor-heading-title[class*=elementor-size-]>a{color:inherit;font-size:inherit;line-height:inherit}.elementor-widget-heading .elementor-heading-title.elementor-size-small{font-size:15px}.elementor-widget-heading .elementor-heading-title.elementor-size-medium{font-size:19px}.elementor-widget-heading .elementor-heading-title.elementor-size-large{font-size:29px}.elementor-widget-heading .elementor-heading-title.elementor-size-xl{font-size:39px}.elementor-widget-heading .elementor-heading-title.elementor-size-xxl{font-size:59px}<\/style><h2 class=\"elementor-heading-title elementor-size-default\">A3.1 Furnizarea de servicii medicale de baz\u0103<\/h2>\t\t<\/div>\n\t\t\t\t<\/div>\n\t\t\t\t<div class=\"elementor-element elementor-element-23566af elementor-widget elementor-widget-text-editor\" data-id=\"23566af\" data-element_type=\"widget\" data-widget_type=\"text-editor.default\">\n\t\t\t\t<div class=\"elementor-widget-container\">\n\t\t\t<style>\/*! elementor - v3.7.8 - 02-10-2022 *\/\n.elementor-widget-text-editor.elementor-drop-cap-view-stacked .elementor-drop-cap{background-color:#818a91;color:#fff}.elementor-widget-text-editor.elementor-drop-cap-view-framed .elementor-drop-cap{color:#818a91;border:3px solid;background-color:transparent}.elementor-widget-text-editor:not(.elementor-drop-cap-view-default) .elementor-drop-cap{margin-top:8px}.elementor-widget-text-editor:not(.elementor-drop-cap-view-default) .elementor-drop-cap-letter{width:1em;height:1em}.elementor-widget-text-editor .elementor-drop-cap{float:left;text-align:center;line-height:1;font-size:50px}.elementor-widget-text-editor .elementor-drop-cap-letter{display:inline-block}<\/style>\t\t\t\t<p><span style=\"font-style: inherit; font-weight: inherit; color: var( --e-global-color-text ); font-family: var( --e-global-typography-text-font-family ), Sans-serif;\">Pachetul de servicii medicale de baz\u0103 oferite \u00een asisten\u021ba medical\u0103 primar\u0103 oferit prin proiect persoanelor private de libertate contribuie la cre\u0219tera calit\u0103\u021bii serviciilor de s\u0103n\u0103tate a grupului \u021bint\u0103 \u0219i const\u0103 din urm\u0103toarele tipuri de servicii de baz\u0103:<\/span><\/p>\t\t\t\t\t\t<\/div>\n\t\t\t\t<\/div>\n\t\t\t\t\t<\/div>\n\t\t<\/div>\n\t\t\t\t\t\t\t<\/div>\n\t\t<\/section>\n\t\t\t\t<section class=\"elementor-section elementor-top-section elementor-element elementor-element-3022ce7 elementor-section-boxed elementor-section-height-default elementor-section-height-default\" data-id=\"3022ce7\" data-element_type=\"section\">\n\t\t\t\t\t\t<div class=\"elementor-container elementor-column-gap-default\">\n\t\t\t\t\t<div class=\"elementor-column elementor-col-100 elementor-top-column elementor-element elementor-element-ac82554\" data-id=\"ac82554\" data-element_type=\"column\">\n\t\t\t<div class=\"elementor-widget-wrap elementor-element-populated\">\n\t\t\t\t\t\t\t\t<div class=\"elementor-element elementor-element-5d579f8 elementor--h-position-center elementor--v-position-middle elementor-arrows-position-inside elementor-pagination-position-inside elementor-widget elementor-widget-slides\" data-id=\"5d579f8\" data-element_type=\"widget\" data-settings=\"{&quot;navigation&quot;:&quot;both&quot;,&quot;autoplay&quot;:&quot;yes&quot;,&quot;pause_on_hover&quot;:&quot;yes&quot;,&quot;pause_on_interaction&quot;:&quot;yes&quot;,&quot;autoplay_speed&quot;:5000,&quot;infinite&quot;:&quot;yes&quot;,&quot;transition&quot;:&quot;slide&quot;,&quot;transition_speed&quot;:500}\" data-widget_type=\"slides.default\">\n\t\t\t\t<div class=\"elementor-widget-container\">\n\t\t\t<style>\/*! elementor-pro - v3.5.2 - 28-11-2021 *\/\n.elementor-slides .swiper-slide-bg{-webkit-background-size:cover;background-size:cover;background-position:50%;background-repeat:no-repeat;min-width:100%;min-height:100%}.elementor-slides .swiper-slide-inner{background-repeat:no-repeat;background-position:50%;position:absolute;top:0;left:0;bottom:0;right:0;padding:50px;margin:auto}.elementor-slides .swiper-slide-inner,.elementor-slides .swiper-slide-inner:hover{color:#fff;display:-webkit-box;display:-ms-flexbox;display:flex}.elementor-slides .swiper-slide-inner .elementor-background-overlay{position:absolute;z-index:0;top:0;bottom:0;left:0;right:0}.elementor-slides .swiper-slide-inner .elementor-slide-content{position:relative;z-index:1;width:100%}.elementor-slides .swiper-slide-inner .elementor-slide-heading{font-size:35px;font-weight:700;line-height:1}.elementor-slides .swiper-slide-inner .elementor-slide-description{font-size:17px;line-height:1.4}.elementor-slides .swiper-slide-inner .elementor-slide-description:not(:last-child),.elementor-slides .swiper-slide-inner .elementor-slide-heading:not(:last-child){margin-bottom:30px}.elementor-slides .swiper-slide-inner .elementor-slide-button{border:2px solid #fff;color:#fff;background:transparent;display:inline-block}.elementor-slides .swiper-slide-inner .elementor-slide-button,.elementor-slides .swiper-slide-inner .elementor-slide-button:hover{background:transparent;color:inherit;text-decoration:none}.elementor--v-position-top .swiper-slide-inner{-webkit-box-align:start;-ms-flex-align:start;align-items:flex-start}.elementor--v-position-bottom .swiper-slide-inner{-webkit-box-align:end;-ms-flex-align:end;align-items:flex-end}.elementor--v-position-middle .swiper-slide-inner{-webkit-box-align:center;-ms-flex-align:center;align-items:center}.elementor--h-position-left .swiper-slide-inner{-webkit-box-pack:start;-ms-flex-pack:start;justify-content:flex-start}.elementor--h-position-right .swiper-slide-inner{-webkit-box-pack:end;-ms-flex-pack:end;justify-content:flex-end}.elementor--h-position-center .swiper-slide-inner{-webkit-box-pack:center;-ms-flex-pack:center;justify-content:center}body.rtl .elementor-widget-slides .elementor-swiper-button-next{left:10px;right:auto}body.rtl .elementor-widget-slides .elementor-swiper-button-prev{right:10px;left:auto}.elementor-slides-wrapper div:not(.swiper-slide)>.swiper-slide-inner{display:none}@media (max-width:767px){.elementor-slides .swiper-slide-inner{padding:30px}.elementor-slides .swiper-slide-inner .elementor-slide-heading{font-size:23px;line-height:1;margin-bottom:15px}.elementor-slides .swiper-slide-inner .elementor-slide-description{font-size:13px;line-height:1.4;margin-bottom:15px}}<\/style>\t\t<div class=\"elementor-swiper\">\n\t\t\t<div class=\"elementor-slides-wrapper elementor-main-swiper swiper-container\" dir=\"ltr\" data-animation=\"\">\n\t\t\t\t<div class=\"swiper-wrapper elementor-slides\">\n\t\t\t\t\t\t\t\t\t\t<div class=\"elementor-repeater-item-738e830 swiper-slide\"><div class=\"swiper-slide-bg\"><\/div><div class=\"swiper-slide-inner\" ><div class=\"swiper-slide-contents\"><div class=\"elementor-slide-heading\">1<\/div><div class=\"elementor-slide-description\">Asisten\u021b\u0103 medical\u0103 la depunerea \u00een penitenciar a de\u021binu\u021bilor (consult, analize de laborator, stabilirea formulei dentare, stabilirea regimului alimentar \u0219i a aptitudinii de munc\u0103);<\/div><\/div><\/div><\/div><div class=\"elementor-repeater-item-f89edda swiper-slide\"><div class=\"swiper-slide-bg\"><\/div><div class=\"swiper-slide-inner\" ><div class=\"swiper-slide-contents\"><div class=\"elementor-slide-heading\">2<\/div><div class=\"elementor-slide-description\">Asisten\u021b\u0103 medical\u0103 la cerere, persoanele private de libertate beneficiind de medicamente \u0219i analize de laborator gratuite, conform legisla\u021biei \u00een vigoare;<\/div><\/div><\/div><\/div><div class=\"elementor-repeater-item-a9c6604 swiper-slide\"><div class=\"swiper-slide-bg\"><\/div><div class=\"swiper-slide-inner\" ><div class=\"swiper-slide-contents\"><div class=\"elementor-slide-heading\">3<\/div><div class=\"elementor-slide-description\">Dispensarizarea bolnavilor cronici cu evaluarea lunar\u0103 \u0219i oridec\u00e2teori se impune a st\u0103rii de s\u0103n\u0103tate, prescrierea de re\u021bete lunare cu asigurarea urgent\u0103 a tratamentului recomandat de medicii din unitate sau de medicii speciali\u0219ti;<\/div><\/div><\/div><\/div><div class=\"elementor-repeater-item-8187efa swiper-slide\"><div class=\"swiper-slide-bg\"><\/div><div class=\"swiper-slide-inner\" ><div class=\"swiper-slide-contents\"><div class=\"elementor-slide-heading\">4<\/div><div class=\"elementor-slide-description\">Recomandarea de analize de laborator, investiga\u021bii paraclinice, consulturi de specialitate \u0219i intern\u0103ri \u00een spitale penitenciar sau din re\u021beaua sanitar\u0103 a Ministerului S\u0103n\u0103t\u0103\u021bii, precum \u0219i respectarea tuturor recomand\u0103rilor formulate;<\/div><\/div><\/div><\/div><div class=\"elementor-repeater-item-7d48dea swiper-slide\"><div class=\"swiper-slide-bg\"><\/div><div class=\"swiper-slide-inner\" ><div class=\"swiper-slide-contents\"><div class=\"elementor-slide-heading\">5<\/div><div class=\"elementor-slide-description\">Verificarea zilnic\u0103 a calit\u0103\u021bii hranei, a modului de preparare \u0219i distribuire a hranei pe sec\u021bii;<\/div><\/div><\/div><\/div><div class=\"elementor-repeater-item-04f9b7f swiper-slide\"><div class=\"swiper-slide-bg\"><\/div><div class=\"swiper-slide-inner\" ><div class=\"swiper-slide-contents\"><div class=\"elementor-slide-heading\">6<\/div><div class=\"elementor-slide-description\">Monitorizarea periodic\u0103 a st\u0103rii de s\u0103n\u0103tate tuturor persoanelor care \u00ee\u0219i desf\u0103\u0219oar\u0103 activitatea \u00een sectoare cu risc epidemiologic;<\/div><\/div><\/div><\/div><div class=\"elementor-repeater-item-5cf4fe4 swiper-slide\"><div class=\"swiper-slide-bg\"><\/div><div class=\"swiper-slide-inner\" ><div class=\"swiper-slide-contents\"><div class=\"elementor-slide-heading\">7<\/div><div class=\"elementor-slide-description\">Monitorizarea st\u0103rii igienico-sanitare la nivelul tuturor spa\u021biilor de de\u021binere \u0219i desf\u0103\u0219urarea de activit\u0103\u021bi de dezinsec\u021bie \u2013 dezinfec\u021bie \u2013 deratizare generalizate \u0219i de necesitate;<\/div><\/div><\/div><\/div><div class=\"elementor-repeater-item-a11283f swiper-slide\"><div class=\"swiper-slide-bg\"><\/div><div class=\"swiper-slide-inner\" ><div class=\"swiper-slide-contents\"><div class=\"elementor-slide-heading\">8<\/div><div class=\"elementor-slide-description\">Administrarea zilnic\u0103, strict supravegheat a tratamentului psihotrop persoanelor private de libertate cu afec\u021biuni psihice;<\/div><\/div><\/div><\/div><div class=\"elementor-repeater-item-c517467 swiper-slide\"><div class=\"swiper-slide-bg\"><\/div><div class=\"swiper-slide-inner\" ><div class=\"swiper-slide-contents\"><div class=\"elementor-slide-heading\">9<\/div><div class=\"elementor-slide-description\">Consemnarea tuturor consulturilor sau interven\u021biilor terapeutice \u00een documente \u0219i registre specifice;<\/div><\/div><\/div><\/div><div class=\"elementor-repeater-item-72e1502 swiper-slide\"><div class=\"swiper-slide-bg\"><\/div><div class=\"swiper-slide-inner\" ><div class=\"swiper-slide-contents\"><div class=\"elementor-slide-heading\">10<\/div><div class=\"elementor-slide-description\">Raportarea tuturor activit\u0103\u021bilor desf\u0103\u0219urate c\u0103tre spitalul penitenciar coordonator, Direc\u021bia Medical\u0103 din cadrul ANP.<\/div><\/div><\/div><\/div>\t\t\t\t<\/div>\n\t\t\t\t\t\t\t\t\t\t\t\t\t\t\t<div class=\"swiper-pagination\"><\/div>\n\t\t\t\t\t\t\t\t\t\t\t\t\t\t\t\t<div class=\"elementor-swiper-button elementor-swiper-button-prev\">\n\t\t\t\t\t\t\t<i aria-hidden=\"true\" class=\"eicon-chevron-left\"><\/i>\t\t\t\t\t\t\t<span class=\"elementor-screen-only\">Previous<\/span>\n\t\t\t\t\t\t<\/div>\n\t\t\t\t\t\t<div class=\"elementor-swiper-button elementor-swiper-button-next\">\n\t\t\t\t\t\t\t<i aria-hidden=\"true\" class=\"eicon-chevron-right\"><\/i>\t\t\t\t\t\t\t<span class=\"elementor-screen-only\">Next<\/span>\n\t\t\t\t\t\t<\/div>\n\t\t\t\t\t\t\t\t\t\t\t\t<\/div>\n\t\t<\/div>\n\t\t\t\t<\/div>\n\t\t\t\t<\/div>\n\t\t\t\t<div class=\"elementor-element elementor-element-45bd5be elementor-widget elementor-widget-text-editor\" data-id=\"45bd5be\" data-element_type=\"widget\" data-widget_type=\"text-editor.default\">\n\t\t\t\t<div class=\"elementor-widget-container\">\n\t\t\t\t\t\t\t<p>Adi\u021bional serviciilor medicale de baz\u0103, \u00een scopul cre\u0219terii calit\u0103\u021bii serviciilor medicale \u0219i a accesului la servicii medicale de specialitate, sunt oferite servicii medicale de specialitate \u2013 pshiatrie, prin angajarea unui medic psihiatru, care ofer\u0103 consulta\u021bii \u0219i sprijin de specialitate persoanelor private de libertate a c\u0103ror stare de echilibru \u0219i s\u0103n\u0103tate mental\u0103 sunt vulnerabilizate prin simpla \u00eencadrare \u00een situa\u021bia de deten\u021bie. Serviciile medicale oferite prin proiect respect\u0103 preciz\u0103rile \u00een domeniu ale Casei Na\u021bionale de Asigur\u0103ri de S\u0103n\u0103tate \u0219i ale ANP.<\/p>\t\t\t\t\t\t<\/div>\n\t\t\t\t<\/div>\n\t\t\t\t<div class=\"elementor-element elementor-element-2fe48c1 elementor-widget elementor-widget-heading\" data-id=\"2fe48c1\" data-element_type=\"widget\" data-widget_type=\"heading.default\">\n\t\t\t\t<div class=\"elementor-widget-container\">\n\t\t\t<h2 class=\"elementor-heading-title elementor-size-default\">A 3.2 Mediere sanitar\u0103 \u0219i campanii pentru s\u0103n\u0103tate<\/h2>\t\t<\/div>\n\t\t\t\t<\/div>\n\t\t\t\t<div class=\"elementor-element elementor-element-15d462b elementor-widget elementor-widget-text-editor\" data-id=\"15d462b\" data-element_type=\"widget\" data-widget_type=\"text-editor.default\">\n\t\t\t\t<div class=\"elementor-widget-container\">\n\t\t\t\t\t\t\t<p>\u00cen cadrul activit\u0103\u021bii de furnizare de servicii pentru s\u0103n\u0103tate se deruleaz\u0103 o campanie de promovare \u0219i con\u0219tientizare a celor 635 de persoane din grupul \u021bint\u0103 pe teme cu privire la s\u0103n\u0103tate. Proritatea acestei campanii este informarea \u0219i con\u0219tientizarea persoanelor private de libertate \u0219i a membrilor grupului de suport social al acestora cu privire la s\u0103n\u0103tatea general\u0103, bun\u0103starea \u0219i calitatea vie\u021bii. \u00cen cadrul campaniei vor fi abordate teme privind:<\/p><ol><li>HIV \u015fi alte infec\u0163ii,<\/li><li>corpul, igiena personal\u0103 \u0219i igiena colectiv\u0103, igiena oral\u0103 \u015fi dentar\u0103,<\/li><li>abuzul de droguri \u015fi alcool,<\/li><li>sportul \u015fi activitatea fizic\u0103,<\/li><li>alimenta\u0163ia s\u0103n\u0103toas\u0103,<\/li><li>s\u0103n\u0103tatea mental\u0103.<\/li><\/ol><p>Astfel, se organizeaz\u0103 activit\u0103\u021bi pentru respectarea regulilor de igien\u0103 colectiv\u0103, promovarea respect\u0103rii regulilor de igien\u0103 individual\u0103, con\u0219tientizare \u0219i informare cu privire la transmiterea bolilor contagioase HIV, TBC, Hepatita, con\u0219tientizare privind riscurile consumului de substan\u021be interzise \u0219i droguri etc.<\/p><p>Toate activit\u0103\u021bile derulate \u00een cadrul acestei campanii vor fi sus\u021binute de ac\u021biuni concrete: lec\u021bii, dezbateri, worshop-uri etc \u00eenso\u021bite de materiale de informare \u0219i con\u0219tientizare. Fiecare participant la campanii va primi gratuit un kit de materiale de igien\u0103 individual\u0103 format din produse necesare realiz\u0103rii igienei individuale \u0219i materiale de informare, con\u0219tientizare \u0219i promovare (pliante\/flyere\/bro\u0219uri).<br \/>Pentru persoanele private de libertate participante la subactivitatea 3.2. din cadrul propunerii de proiect respectiv la campania pentru respectarea regulilor de igien\u0103 colectiv\u0103 vor fi organizate concursuri de tipul: \u201dCea mai curat\u0103 camer\u0103\u201d, \u201dCea mai curat\u0103 sal\u0103 de clas\u0103\u201d etc., \u00een urma c\u0103rora c\u00e2\u0219tig\u0103torii vor primi c\u00e2te un kit de materiale de cur\u0103\u021benie \u0219i igien\u0103 colectiv\u0103.<br \/>Pentru promovarea s\u0103n\u0103t\u0103\u021bii prin sport \u0219i activitate fizic\u0103, \u00een cadrul Penitenciarului Aiud, va fi organizat un campionat de fotbal pe an, la finalul c\u0103ruia c\u00e2\u0219tig\u0103torii vor fi recompensa\u021bi cu premii \u00een obiecte, \u00eembr\u0103c\u0103minte \u0219i \u00eenc\u0103l\u021b\u0103minte.<\/p>\t\t\t\t\t\t<\/div>\n\t\t\t\t<\/div>\n\t\t\t\t\t<\/div>\n\t\t<\/div>\n\t\t\t\t\t\t\t<\/div>\n\t\t<\/section>\n\t\t\t\t\t\t\t<\/div>\n\t\t","protected":false},"excerpt":{"rendered":"<p>A3.1 Furnizarea de servicii medicale de baz\u0103 Pachetul de servicii medicale de baz\u0103 oferite \u00een asisten\u021ba medical\u0103 primar\u0103 oferit prin proiect persoanelor private de libertate contribuie la cre\u0219tera calit\u0103\u021bii serviciilor de s\u0103n\u0103tate a grupului \u021bint\u0103 \u0219i const\u0103 din urm\u0103toarele tipuri de servicii de baz\u0103: 1Asisten\u021b\u0103 medical\u0103 la depunerea \u00een penitenciar a de\u021binu\u021bilor (consult, analize de &hellip;<\/p>\n<p class=\"read-more\"> <a class=\"\" href=\"https:\/\/pn1013.pakiv.ro\/?page_id=68\"> <span class=\"screen-reader-text\">Servicii pentru s\u0103n\u0103tate<\/span> Read More &raquo;<\/a><\/p>\n","protected":false},"author":1,"featured_media":0,"parent":0,"menu_order":0,"comment_status":"closed","ping_status":"closed","template":"","meta":{"site-sidebar-layout":"no-sidebar","site-content-layout":"page-builder","ast-global-header-display":"","ast-main-header-display":"","ast-hfb-above-header-display":"","ast-hfb-below-header-display":"","ast-hfb-mobile-header-display":"","site-post-title":"disabled","ast-breadcrumbs-content":"","ast-featured-img":"disabled","footer-sml-layout":"","theme-transparent-header-meta":"default","adv-header-id-meta":"","stick-header-meta":"","header-above-stick-meta":"","header-main-stick-meta":"","header-below-stick-meta":"","footnotes":""},"class_list":["post-68","page","type-page","status-publish","hentry"],"lang":"ro","translations":{"ro":68},"pll_sync_post":[],"_links":{"self":[{"href":"https:\/\/pn1013.pakiv.ro\/index.php?rest_route=\/wp\/v2\/pages\/68","targetHints":{"allow":["GET"]}}],"collection":[{"href":"https:\/\/pn1013.pakiv.ro\/index.php?rest_route=\/wp\/v2\/pages"}],"about":[{"href":"https:\/\/pn1013.pakiv.ro\/index.php?rest_route=\/wp\/v2\/types\/page"}],"author":[{"embeddable":true,"href":"https:\/\/pn1013.pakiv.ro\/index.php?rest_route=\/wp\/v2\/users\/1"}],"replies":[{"embeddable":true,"href":"https:\/\/pn1013.pakiv.ro\/index.php?rest_route=%2Fwp%2Fv2%2Fcomments&post=68"}],"version-history":[{"count":11,"href":"https:\/\/pn1013.pakiv.ro\/index.php?rest_route=\/wp\/v2\/pages\/68\/revisions"}],"predecessor-version":[{"id":135,"href":"https:\/\/pn1013.pakiv.ro\/index.php?rest_route=\/wp\/v2\/pages\/68\/revisions\/135"}],"wp:attachment":[{"href":"https:\/\/pn1013.pakiv.ro\/index.php?rest_route=%2Fwp%2Fv2%2Fmedia&parent=68"}],"curies":[{"name":"wp","href":"https:\/\/api.w.org\/{rel}","templated":true}]}}