{"id":60,"date":"2021-10-02T15:44:14","date_gmt":"2021-10-02T15:44:14","guid":{"rendered":"http:\/\/pn1013.pakiv.ro\/?page_id=60"},"modified":"2021-10-03T09:08:58","modified_gmt":"2021-10-03T09:08:58","slug":"furnizarea-de-servicii-pro-ocupare","status":"publish","type":"page","link":"https:\/\/pn1013.pakiv.ro\/?page_id=60","title":{"rendered":"Servicii pro-ocupare"},"content":{"rendered":"\t\t<div data-elementor-type=\"wp-page\" data-elementor-id=\"60\" class=\"elementor elementor-60\">\n\t\t\t\t\t\t\t\t\t<section class=\"elementor-section elementor-top-section elementor-element elementor-element-68d73de elementor-section-boxed elementor-section-height-default elementor-section-height-default\" data-id=\"68d73de\" data-element_type=\"section\">\n\t\t\t\t\t\t<div class=\"elementor-container elementor-column-gap-default\">\n\t\t\t\t\t<div class=\"elementor-column elementor-col-100 elementor-top-column elementor-element elementor-element-e95f5dc\" data-id=\"e95f5dc\" data-element_type=\"column\">\n\t\t\t<div class=\"elementor-widget-wrap elementor-element-populated\">\n\t\t\t\t\t\t\t\t<div class=\"elementor-element elementor-element-dbb352b elementor-widget elementor-widget-text-editor\" data-id=\"dbb352b\" data-element_type=\"widget\" data-widget_type=\"text-editor.default\">\n\t\t\t\t<div class=\"elementor-widget-container\">\n\t\t\t<style>\/*! elementor - v3.7.8 - 02-10-2022 *\/\n.elementor-widget-text-editor.elementor-drop-cap-view-stacked .elementor-drop-cap{background-color:#818a91;color:#fff}.elementor-widget-text-editor.elementor-drop-cap-view-framed .elementor-drop-cap{color:#818a91;border:3px solid;background-color:transparent}.elementor-widget-text-editor:not(.elementor-drop-cap-view-default) .elementor-drop-cap{margin-top:8px}.elementor-widget-text-editor:not(.elementor-drop-cap-view-default) .elementor-drop-cap-letter{width:1em;height:1em}.elementor-widget-text-editor .elementor-drop-cap{float:left;text-align:center;line-height:1;font-size:50px}.elementor-widget-text-editor .elementor-drop-cap-letter{display:inline-block}<\/style>\t\t\t\t<p>Activitatea const\u0103 \u00een implementarea timp de 24 de luni a unui set de demersuri pro-ocupare menite s\u0103 optimizeze premisele de inser\u021bie pe pia\u021ba muncii grupul \u021bint\u0103.<\/p><p><span style=\"font-style: inherit; font-weight: inherit; color: var( --e-global-color-text ); font-family: var( --e-global-typography-text-font-family ), Sans-serif;\">Activitatea de furnizare a serviciilor pro-ocupare pentru grupul \u021bint\u0103 se realizeaz\u0103a cu aportul ambilor parteneri \u0219i se deruleaz\u0103 pe parcursul a 24 de luni, include trei subactivit\u0103\u021bi \u0219i vizeaz\u0103 eficientizarea premiselor pro-ocupare post liberare.<\/span><\/p><p>Setul de masuri pro-ocupare consist\u0103 din urm\u0103toarele:<\/p><ul><li>ateliere de sondare a intereselor ocupa\u021bionale;<\/li><li>sesiuni de dezvoltare a soft-skills-urilor pro-ocupare;<\/li><li>\u0219edinte de consiliere pentru \u00eencurajarea atitudinilor pro-ocupare;<\/li><li>programe de formare a competen\u021belor profesionale.<\/li><\/ul>\t\t\t\t\t\t<\/div>\n\t\t\t\t<\/div>\n\t\t\t\t<div class=\"elementor-element elementor-element-784e30f elementor--h-position-center elementor--v-position-middle elementor-arrows-position-inside elementor-pagination-position-inside elementor-widget elementor-widget-slides\" data-id=\"784e30f\" data-element_type=\"widget\" data-settings=\"{&quot;navigation&quot;:&quot;both&quot;,&quot;autoplay&quot;:&quot;yes&quot;,&quot;pause_on_hover&quot;:&quot;yes&quot;,&quot;pause_on_interaction&quot;:&quot;yes&quot;,&quot;autoplay_speed&quot;:5000,&quot;infinite&quot;:&quot;yes&quot;,&quot;transition&quot;:&quot;slide&quot;,&quot;transition_speed&quot;:500}\" data-widget_type=\"slides.default\">\n\t\t\t\t<div class=\"elementor-widget-container\">\n\t\t\t<style>\/*! elementor-pro - v3.5.2 - 28-11-2021 *\/\n.elementor-slides .swiper-slide-bg{-webkit-background-size:cover;background-size:cover;background-position:50%;background-repeat:no-repeat;min-width:100%;min-height:100%}.elementor-slides .swiper-slide-inner{background-repeat:no-repeat;background-position:50%;position:absolute;top:0;left:0;bottom:0;right:0;padding:50px;margin:auto}.elementor-slides .swiper-slide-inner,.elementor-slides .swiper-slide-inner:hover{color:#fff;display:-webkit-box;display:-ms-flexbox;display:flex}.elementor-slides .swiper-slide-inner .elementor-background-overlay{position:absolute;z-index:0;top:0;bottom:0;left:0;right:0}.elementor-slides .swiper-slide-inner .elementor-slide-content{position:relative;z-index:1;width:100%}.elementor-slides .swiper-slide-inner .elementor-slide-heading{font-size:35px;font-weight:700;line-height:1}.elementor-slides .swiper-slide-inner .elementor-slide-description{font-size:17px;line-height:1.4}.elementor-slides .swiper-slide-inner .elementor-slide-description:not(:last-child),.elementor-slides .swiper-slide-inner .elementor-slide-heading:not(:last-child){margin-bottom:30px}.elementor-slides .swiper-slide-inner .elementor-slide-button{border:2px solid #fff;color:#fff;background:transparent;display:inline-block}.elementor-slides .swiper-slide-inner .elementor-slide-button,.elementor-slides .swiper-slide-inner .elementor-slide-button:hover{background:transparent;color:inherit;text-decoration:none}.elementor--v-position-top .swiper-slide-inner{-webkit-box-align:start;-ms-flex-align:start;align-items:flex-start}.elementor--v-position-bottom .swiper-slide-inner{-webkit-box-align:end;-ms-flex-align:end;align-items:flex-end}.elementor--v-position-middle .swiper-slide-inner{-webkit-box-align:center;-ms-flex-align:center;align-items:center}.elementor--h-position-left .swiper-slide-inner{-webkit-box-pack:start;-ms-flex-pack:start;justify-content:flex-start}.elementor--h-position-right .swiper-slide-inner{-webkit-box-pack:end;-ms-flex-pack:end;justify-content:flex-end}.elementor--h-position-center .swiper-slide-inner{-webkit-box-pack:center;-ms-flex-pack:center;justify-content:center}body.rtl .elementor-widget-slides .elementor-swiper-button-next{left:10px;right:auto}body.rtl .elementor-widget-slides .elementor-swiper-button-prev{right:10px;left:auto}.elementor-slides-wrapper div:not(.swiper-slide)>.swiper-slide-inner{display:none}@media (max-width:767px){.elementor-slides .swiper-slide-inner{padding:30px}.elementor-slides .swiper-slide-inner .elementor-slide-heading{font-size:23px;line-height:1;margin-bottom:15px}.elementor-slides .swiper-slide-inner .elementor-slide-description{font-size:13px;line-height:1.4;margin-bottom:15px}}<\/style>\t\t<div class=\"elementor-swiper\">\n\t\t\t<div class=\"elementor-slides-wrapper elementor-main-swiper swiper-container\" dir=\"ltr\" data-animation=\"\">\n\t\t\t\t<div class=\"swiper-wrapper elementor-slides\">\n\t\t\t\t\t\t\t\t\t\t<div class=\"elementor-repeater-item-d44df2f swiper-slide\"><div class=\"swiper-slide-bg\"><\/div><div class=\"swiper-slide-inner\" ><div class=\"swiper-slide-contents\"><div class=\"elementor-slide-heading\">A 2.1. Sondarea intereselor ocupa\u021bionale \u0219i derularea sesiunilor de dezvoltare a soft-skills-urilor pro-ocupare<\/div><div class=\"elementor-slide-description\">Grupul \u021bint\u0103 al proiectului constituit din persoane private de libertate particip\u0103 \u00een decursul celor 24 de luni de implementare a subactivit\u0103\u021bii la sesiuni individuale sau organizate \u00een grupuri de maxim 6 persoane, de sondare a intereselor ocupationale pe de o parte si de dezvoltare a soft-skills-urilor pro-ocupare, prin ateliere de lucru de forma jocurilor de rol ori a interviurilor semistructurate.\nSe organizeaz\u0103 ateliere de sondare a intereselor ocupationale si sesiuni de dezvoltare a soft-skill-urilor pro-ocupare, iar derularea este individual\u0103 sau \u00een grupuri de maxim 6 persoane. Demersul de dezvoltare a soft-skills-urilor const\u0103 \u00een ateliere de \u00eenv\u0103\u021bare ludic\u0103 prin jocuri de rol semistructurate pe tematici semnificative precum munca \u00een echip\u0103, comunicarea eficace, flexibilitatea comportamental\u0103, rezolvarea situa\u021biilor problematice, solu\u021bionarea conflictelor etc.<\/div><\/div><\/div><\/div><div class=\"elementor-repeater-item-2db8a70 swiper-slide\"><div class=\"swiper-slide-bg\"><\/div><div class=\"swiper-slide-inner\" ><div class=\"swiper-slide-contents\"><div class=\"elementor-slide-heading\">A 2.2. Ac\u021biuni de sprijin pentru optimizarea \u0219anselor de inser\u021bie pe pia\u021ba muncii<\/div><div class=\"elementor-slide-description\">Celor 635 de persoane private de libertate din cadrul Penitenciarului Aiud \u0219i membrilor grupului de suport social al acestora care se constituie \u00een grupul \u021bint\u0103 de proiect, au puse la dispozi\u021bie pe parcursul a 24 de luni sesiuni de informare \u0219i consiliere menite s\u0103 le faciliteze \u0219ansele de inser\u021bie pe pia\u021ba muncii post-liberare \u0219i din dinamica vie\u021bii zilnice. Opera\u021bionalizarea se face prin ateliere de lucru individuale sau \u00een grupuri de maxim 6 persoane, iar persoanele vizate sunt prioritar cele care \u00een perioada urm\u0103toarelor 6 luni vor intra \u00een comisia de propunere de liberare.\nPentru grupul \u021bint\u0103 format din membrii grupului de suport social al persoanelor private de libertate se organizeaz\u0103 \u0219edin\u021be individuale de consiliere pentru \u00eencurajarea atitudinii pro-ocupare, \u00een contextul operationalizarii vizitei la persoana privat\u0103 de libertate, \u00een conformitate cu protocolul Penitenciarului Aiud.<\/div><\/div><\/div><\/div><div class=\"elementor-repeater-item-f99d380 swiper-slide\"><div class=\"swiper-slide-bg\"><\/div><div class=\"swiper-slide-inner\" ><div class=\"swiper-slide-contents\"><div class=\"elementor-slide-heading\">A 2.3. Cre\u0219terea nivelului de competen\u021be profesionale prin derularea de cursuri de formare profesional\u0103<\/div><div class=\"elementor-slide-description\">Grupului \u021bint\u0103 format din persoane private de libertate, \u00eei este disponibil\u0103 o activitate de formare profesional\u0103 \u00een domeniul construc\u021biilor pentru 60 de persoane.\nCele 2 cursuri organizate vor fi de Lucr\u0103tor instalator pentru construc\u021bii \u0219i de Lucr\u0103tor \u00een structuri pentru construc\u021bii, ambele cu nivel de acces de 8 clase absolvite \u0219i cu durat\u0103 de 360 de ore, din care 120 de teorie \u0219i 240 de practic\u0103. Absolvirea cursului \u0219i promovarea examenului de c\u0103tre cele 60 de persoane participante se va solda cu ob\u021binerea unui certificat de calificare.\nVor fi organizate 5 grupe de formare a c\u00e2te 12 persoane fiecare, calificate \u00een cadrul activit\u0103\u021bii pro-ocupare din cadrul proiectului.\nVor fi achizi\u021bionate materiale \u0219i echipamente specifice care vor fi utilizate pentru organizarea modulelor de teorie \u0219i practic\u0103.<\/div><\/div><\/div><\/div>\t\t\t\t<\/div>\n\t\t\t\t\t\t\t\t\t\t\t\t\t\t\t<div class=\"swiper-pagination\"><\/div>\n\t\t\t\t\t\t\t\t\t\t\t\t\t\t\t\t<div class=\"elementor-swiper-button elementor-swiper-button-prev\">\n\t\t\t\t\t\t\t<i aria-hidden=\"true\" class=\"eicon-chevron-left\"><\/i>\t\t\t\t\t\t\t<span class=\"elementor-screen-only\">Previous<\/span>\n\t\t\t\t\t\t<\/div>\n\t\t\t\t\t\t<div class=\"elementor-swiper-button elementor-swiper-button-next\">\n\t\t\t\t\t\t\t<i aria-hidden=\"true\" class=\"eicon-chevron-right\"><\/i>\t\t\t\t\t\t\t<span class=\"elementor-screen-only\">Next<\/span>\n\t\t\t\t\t\t<\/div>\n\t\t\t\t\t\t\t\t\t\t\t\t<\/div>\n\t\t<\/div>\n\t\t\t\t<\/div>\n\t\t\t\t<\/div>\n\t\t\t\t\t<\/div>\n\t\t<\/div>\n\t\t\t\t\t\t\t<\/div>\n\t\t<\/section>\n\t\t\t\t\t\t\t<\/div>\n\t\t","protected":false},"excerpt":{"rendered":"<p>Activitatea const\u0103 \u00een implementarea timp de 24 de luni a unui set de demersuri pro-ocupare menite s\u0103 optimizeze premisele de inser\u021bie pe pia\u021ba muncii grupul \u021bint\u0103. Activitatea de furnizare a serviciilor pro-ocupare pentru grupul \u021bint\u0103 se realizeaz\u0103a cu aportul ambilor parteneri \u0219i se deruleaz\u0103 pe parcursul a 24 de luni, include trei subactivit\u0103\u021bi \u0219i vizeaz\u0103 &hellip;<\/p>\n<p class=\"read-more\"> <a class=\"\" href=\"https:\/\/pn1013.pakiv.ro\/?page_id=60\"> <span class=\"screen-reader-text\">Servicii pro-ocupare<\/span> Read More &raquo;<\/a><\/p>\n","protected":false},"author":1,"featured_media":0,"parent":0,"menu_order":0,"comment_status":"closed","ping_status":"closed","template":"","meta":{"site-sidebar-layout":"no-sidebar","site-content-layout":"page-builder","ast-global-header-display":"","ast-main-header-display":"","ast-hfb-above-header-display":"","ast-hfb-below-header-display":"","ast-hfb-mobile-header-display":"","site-post-title":"disabled","ast-breadcrumbs-content":"","ast-featured-img":"disabled","footer-sml-layout":"","theme-transparent-header-meta":"default","adv-header-id-meta":"","stick-header-meta":"","header-above-stick-meta":"","header-main-stick-meta":"","header-below-stick-meta":"","footnotes":""},"class_list":["post-60","page","type-page","status-publish","hentry"],"lang":"ro","translations":{"ro":60},"pll_sync_post":[],"_links":{"self":[{"href":"https:\/\/pn1013.pakiv.ro\/index.php?rest_route=\/wp\/v2\/pages\/60","targetHints":{"allow":["GET"]}}],"collection":[{"href":"https:\/\/pn1013.pakiv.ro\/index.php?rest_route=\/wp\/v2\/pages"}],"about":[{"href":"https:\/\/pn1013.pakiv.ro\/index.php?rest_route=\/wp\/v2\/types\/page"}],"author":[{"embeddable":true,"href":"https:\/\/pn1013.pakiv.ro\/index.php?rest_route=\/wp\/v2\/users\/1"}],"replies":[{"embeddable":true,"href":"https:\/\/pn1013.pakiv.ro\/index.php?rest_route=%2Fwp%2Fv2%2Fcomments&post=60"}],"version-history":[{"count":14,"href":"https:\/\/pn1013.pakiv.ro\/index.php?rest_route=\/wp\/v2\/pages\/60\/revisions"}],"predecessor-version":[{"id":128,"href":"https:\/\/pn1013.pakiv.ro\/index.php?rest_route=\/wp\/v2\/pages\/60\/revisions\/128"}],"wp:attachment":[{"href":"https:\/\/pn1013.pakiv.ro\/index.php?rest_route=%2Fwp%2Fv2%2Fmedia&parent=60"}],"curies":[{"name":"wp","href":"https:\/\/api.w.org\/{rel}","templated":true}]}}