{"id":163,"date":"2021-10-03T11:40:51","date_gmt":"2021-10-03T11:40:51","guid":{"rendered":"http:\/\/pn1013.pakiv.ro\/?page_id=163"},"modified":"2021-10-03T12:16:33","modified_gmt":"2021-10-03T12:16:33","slug":"grupul-tinta","status":"publish","type":"page","link":"https:\/\/pn1013.pakiv.ro\/?page_id=163","title":{"rendered":"Grupul \u021bint\u0103"},"content":{"rendered":"\t\t<div data-elementor-type=\"wp-page\" data-elementor-id=\"163\" class=\"elementor elementor-163\">\n\t\t\t\t\t\t\t\t\t<section class=\"elementor-section elementor-top-section elementor-element elementor-element-4e7c4a8 elementor-section-boxed elementor-section-height-default elementor-section-height-default\" data-id=\"4e7c4a8\" data-element_type=\"section\">\n\t\t\t\t\t\t<div class=\"elementor-container elementor-column-gap-default\">\n\t\t\t\t\t<div class=\"elementor-column elementor-col-100 elementor-top-column elementor-element elementor-element-f9a968b\" data-id=\"f9a968b\" data-element_type=\"column\">\n\t\t\t<div class=\"elementor-widget-wrap elementor-element-populated\">\n\t\t\t\t\t\t\t\t<div class=\"elementor-element elementor-element-ac65f94 elementor-widget elementor-widget-heading\" data-id=\"ac65f94\" data-element_type=\"widget\" data-widget_type=\"heading.default\">\n\t\t\t\t<div class=\"elementor-widget-container\">\n\t\t\t<style>\/*! elementor - v3.7.8 - 02-10-2022 *\/\n.elementor-heading-title{padding:0;margin:0;line-height:1}.elementor-widget-heading .elementor-heading-title[class*=elementor-size-]>a{color:inherit;font-size:inherit;line-height:inherit}.elementor-widget-heading .elementor-heading-title.elementor-size-small{font-size:15px}.elementor-widget-heading .elementor-heading-title.elementor-size-medium{font-size:19px}.elementor-widget-heading .elementor-heading-title.elementor-size-large{font-size:29px}.elementor-widget-heading .elementor-heading-title.elementor-size-xl{font-size:39px}.elementor-widget-heading .elementor-heading-title.elementor-size-xxl{font-size:59px}<\/style><h2 class=\"elementor-heading-title elementor-size-default\">Structura grupuli \u021bint\u0103<\/h2>\t\t<\/div>\n\t\t\t\t<\/div>\n\t\t\t\t<div class=\"elementor-element elementor-element-bc05e72 elementor-widget elementor-widget-text-editor\" data-id=\"bc05e72\" data-element_type=\"widget\" data-widget_type=\"text-editor.default\">\n\t\t\t\t<div class=\"elementor-widget-container\">\n\t\t\t<style>\/*! elementor - v3.7.8 - 02-10-2022 *\/\n.elementor-widget-text-editor.elementor-drop-cap-view-stacked .elementor-drop-cap{background-color:#818a91;color:#fff}.elementor-widget-text-editor.elementor-drop-cap-view-framed .elementor-drop-cap{color:#818a91;border:3px solid;background-color:transparent}.elementor-widget-text-editor:not(.elementor-drop-cap-view-default) .elementor-drop-cap{margin-top:8px}.elementor-widget-text-editor:not(.elementor-drop-cap-view-default) .elementor-drop-cap-letter{width:1em;height:1em}.elementor-widget-text-editor .elementor-drop-cap{float:left;text-align:center;line-height:1;font-size:50px}.elementor-widget-text-editor .elementor-drop-cap-letter{display:inline-block}<\/style>\t\t\t\t<p>Proiectul se adreseaz\u0103 unui grup \u021bint\u0103 \u00eemp\u0103r\u021bit \u00een urm\u0103toarele categorii<\/p>\t\t\t\t\t\t<\/div>\n\t\t\t\t<\/div>\n\t\t\t\t<div class=\"elementor-element elementor-element-8a96a87 elementor-widget elementor-widget-heading\" data-id=\"8a96a87\" data-element_type=\"widget\" data-widget_type=\"heading.default\">\n\t\t\t\t<div class=\"elementor-widget-container\">\n\t\t\t<h4 class=\"elementor-heading-title elementor-size-default\">1. Persoane \u0219i familii de etnie rom\u0103 (copii, tineri, adul\u021bi) \u00een situa\u021bii de vulnerabilitate, de risc sau care se confrunt\u0103 cu diverse forme de excluziune socio-economic\u0103<\/h4>\t\t<\/div>\n\t\t\t\t<\/div>\n\t\t\t\t<div class=\"elementor-element elementor-element-863831e elementor-widget elementor-widget-text-editor\" data-id=\"863831e\" data-element_type=\"widget\" data-widget_type=\"text-editor.default\">\n\t\t\t\t<div class=\"elementor-widget-container\">\n\t\t\t\t\t\t\t<p>Persoane \u0219i familii de etnie rom\u0103 (tineri \u0219i adul\u021bi) \u00een situa\u021bii de vulnerabilitate, de risc sau confrunt\u00e2ndu-se cu diverse forme de excluziune socio-economic\u0103 \u2013 minim 635 de persoane private de libertate, din penitenciarul Aiud \u0219i membrii grupului de suport social ai acestora (familie, prieteni), din care minim 430 sunt de etnie rom\u0103 (2\/3 din totalul grupului \u021bint\u0103 \u2013 67,7%), iar minim 205 sunt persoane vulnerabile non-rom\u0103 private de libertate \u0219i grupurile de suport social al acestora (1\/3 din totalul grupului \u021bint\u0103 &#8211; 32,3%)<\/p>\t\t\t\t\t\t<\/div>\n\t\t\t\t<\/div>\n\t\t\t\t<div class=\"elementor-element elementor-element-0ca2aa3 elementor-widget elementor-widget-heading\" data-id=\"0ca2aa3\" data-element_type=\"widget\" data-widget_type=\"heading.default\">\n\t\t\t\t<div class=\"elementor-widget-container\">\n\t\t\t<h4 class=\"elementor-heading-title elementor-size-default\">2. Speciali\u0219ti\/voluntari din domeniile educa\u021biei, s\u0103n\u0103t\u0103\u021bii, ocup\u0103rii, asisten\u021bei sociale, administra\u021biei publice, sectorului ONG etc implica\u021bi \u00een lucrul cu persoane de etnie rom\u0103<\/h4>\t\t<\/div>\n\t\t\t\t<\/div>\n\t\t\t\t<div class=\"elementor-element elementor-element-67afd7a elementor-widget elementor-widget-text-editor\" data-id=\"67afd7a\" data-element_type=\"widget\" data-widget_type=\"text-editor.default\">\n\t\t\t\t<div class=\"elementor-widget-container\">\n\t\t\t\t\t\t\t<p>Grupul \u021bint\u0103 de speciali\u0219ti\/voluntari din domeniile educa\u021biei, s\u0103n\u0103t\u0103\u021bii, ocup\u0103rii, asisten\u021bei sociale, administra\u021biei publice, sectorului ONG etc. implica\u021bi \u00een lucrul cu persoane de etnie rom\u0103 este format din 28 de persoane care lucreaz\u0103 nemijlocit cu persoanele private de libertate din penitenciarul Aiud.<\/p>\t\t\t\t\t\t<\/div>\n\t\t\t\t<\/div>\n\t\t\t\t<div class=\"elementor-element elementor-element-5ef7ce6 elementor-widget elementor-widget-heading\" data-id=\"5ef7ce6\" data-element_type=\"widget\" data-widget_type=\"heading.default\">\n\t\t\t\t<div class=\"elementor-widget-container\">\n\t\t\t<h4 class=\"elementor-heading-title elementor-size-default\">3. Membri ai comunit\u0103\u021bii apar\u021bin\u00e2nd popula\u021biei majoritare, care locuiesc \u00een zonele de interven\u021bie ale proiectului<\/h4>\t\t<\/div>\n\t\t\t\t<\/div>\n\t\t\t\t<div class=\"elementor-element elementor-element-efe667a elementor-widget elementor-widget-text-editor\" data-id=\"efe667a\" data-element_type=\"widget\" data-widget_type=\"text-editor.default\">\n\t\t\t\t<div class=\"elementor-widget-container\">\n\t\t\t\t\t\t\t<p>Grupul \u021bint\u0103 care va fi con\u0219tientizat pe teme privind discriminarea romilor, respectarea drepturilor acestora, lupta \u00eempotriva anti-gipsismului, a stereotipurilor \u0219i h\u0103r\u021buirii este format din 510 persoane, non-roma, din comunitatea municipiului Aiud, membri ai comunit\u0103\u021bii apar\u021bin\u00e2nd popula\u021biei majoritare<\/p>\t\t\t\t\t\t<\/div>\n\t\t\t\t<\/div>\n\t\t\t\t\t<\/div>\n\t\t<\/div>\n\t\t\t\t\t\t\t<\/div>\n\t\t<\/section>\n\t\t\t\t\t\t\t<\/div>\n\t\t","protected":false},"excerpt":{"rendered":"<p>Structura grupuli \u021bint\u0103 Proiectul se adreseaz\u0103 unui grup \u021bint\u0103 \u00eemp\u0103r\u021bit \u00een urm\u0103toarele categorii 1. Persoane \u0219i familii de etnie rom\u0103 (copii, tineri, adul\u021bi) \u00een situa\u021bii de vulnerabilitate, de risc sau care se confrunt\u0103 cu diverse forme de excluziune socio-economic\u0103 Persoane \u0219i familii de etnie rom\u0103 (tineri \u0219i adul\u021bi) \u00een situa\u021bii de vulnerabilitate, de risc sau &hellip;<\/p>\n<p class=\"read-more\"> <a class=\"\" href=\"https:\/\/pn1013.pakiv.ro\/?page_id=163\"> <span class=\"screen-reader-text\">Grupul \u021bint\u0103<\/span> Read More &raquo;<\/a><\/p>\n","protected":false},"author":1,"featured_media":0,"parent":0,"menu_order":0,"comment_status":"closed","ping_status":"closed","template":"","meta":{"site-sidebar-layout":"no-sidebar","site-content-layout":"page-builder","ast-global-header-display":"","ast-main-header-display":"","ast-hfb-above-header-display":"","ast-hfb-below-header-display":"","ast-hfb-mobile-header-display":"","site-post-title":"disabled","ast-breadcrumbs-content":"","ast-featured-img":"disabled","footer-sml-layout":"","theme-transparent-header-meta":"default","adv-header-id-meta":"","stick-header-meta":"","header-above-stick-meta":"","header-main-stick-meta":"","header-below-stick-meta":"","footnotes":""},"class_list":["post-163","page","type-page","status-publish","hentry"],"lang":"ro","translations":{"ro":163},"pll_sync_post":[],"_links":{"self":[{"href":"https:\/\/pn1013.pakiv.ro\/index.php?rest_route=\/wp\/v2\/pages\/163","targetHints":{"allow":["GET"]}}],"collection":[{"href":"https:\/\/pn1013.pakiv.ro\/index.php?rest_route=\/wp\/v2\/pages"}],"about":[{"href":"https:\/\/pn1013.pakiv.ro\/index.php?rest_route=\/wp\/v2\/types\/page"}],"author":[{"embeddable":true,"href":"https:\/\/pn1013.pakiv.ro\/index.php?rest_route=\/wp\/v2\/users\/1"}],"replies":[{"embeddable":true,"href":"https:\/\/pn1013.pakiv.ro\/index.php?rest_route=%2Fwp%2Fv2%2Fcomments&post=163"}],"version-history":[{"count":4,"href":"https:\/\/pn1013.pakiv.ro\/index.php?rest_route=\/wp\/v2\/pages\/163\/revisions"}],"predecessor-version":[{"id":167,"href":"https:\/\/pn1013.pakiv.ro\/index.php?rest_route=\/wp\/v2\/pages\/163\/revisions\/167"}],"wp:attachment":[{"href":"https:\/\/pn1013.pakiv.ro\/index.php?rest_route=%2Fwp%2Fv2%2Fmedia&parent=163"}],"curies":[{"name":"wp","href":"https:\/\/api.w.org\/{rel}","templated":true}]}}